{"id":35,"date":"2010-02-26T12:40:19","date_gmt":"2010-02-26T10:40:19","guid":{"rendered":"http:\/\/www.sportivistet.descult.com\/?page_id=35"},"modified":"2010-03-05T10:23:06","modified_gmt":"2010-03-05T08:23:06","slug":"inceput","status":"publish","type":"page","link":"https:\/\/www.sportivistet.descult.com\/?page_id=35","title":{"rendered":"\u00c3\u017dnceput"},"content":{"rendered":"<p style=\"text-align: center;\">\u00c3\u017dnc\u00c4\u0192 lucrez s\u00c4\u0192 dau un con\u00c5\u00a3inut \u00c5\u0178i o form\u00c4\u0192 c\u00c3\u00a2t mai bune\u00c2\u00a0 acestui blog.<\/p>\n<p style=\"text-align: center;\">A\u00c5\u0178a c\u00c4\u0192 v\u00c4\u0192 invit s\u00c4\u0192 alege\u00c5\u00a3i din categoriile existente ceea ce v-ar putea interesa!<\/p>\n<p style=\"text-align: center;\">\n<p style=\"text-align: center;\">\n<p style=\"text-align: center;\">\n","protected":false},"excerpt":{"rendered":"<p>\u00c3\u017dnc\u00c4\u0192 lucrez s\u00c4\u0192 dau un con\u00c5\u00a3inut \u00c5\u0178i o form\u00c4\u0192 c\u00c3\u00a2t mai bune\u00c2\u00a0 acestui blog. A\u00c5\u0178a c\u00c4\u0192 v\u00c4\u0192 invit s\u00c4\u0192 alege\u00c5\u00a3i din categoriile existente ceea ce v-ar putea interesa!<\/p>\n","protected":false},"author":1,"featured_media":0,"parent":0,"menu_order":0,"comment_status":"open","ping_status":"open","template":"","meta":[],"_links":{"self":[{"href":"https:\/\/www.sportivistet.descult.com\/index.php?rest_route=\/wp\/v2\/pages\/35"}],"collection":[{"href":"https:\/\/www.sportivistet.descult.com\/index.php?rest_route=\/wp\/v2\/pages"}],"about":[{"href":"https:\/\/www.sportivistet.descult.com\/index.php?rest_route=\/wp\/v2\/types\/page"}],"author":[{"embeddable":true,"href":"https:\/\/www.sportivistet.descult.com\/index.php?rest_route=\/wp\/v2\/users\/1"}],"replies":[{"embeddable":true,"href":"https:\/\/www.sportivistet.descult.com\/index.php?rest_route=%2Fwp%2Fv2%2Fcomments&post=35"}],"version-history":[{"count":0,"href":"https:\/\/www.sportivistet.descult.com\/index.php?rest_route=\/wp\/v2\/pages\/35\/revisions"}],"wp:attachment":[{"href":"https:\/\/www.sportivistet.descult.com\/index.php?rest_route=%2Fwp%2Fv2%2Fmedia&parent=35"}],"curies":[{"name":"wp","href":"https:\/\/api.w.org\/{rel}","templated":true}]}}